{"id":3,"date":"2025-07-30T06:05:06","date_gmt":"2025-07-30T06:05:06","guid":{"rendered":"https:\/\/roeoliveoil.com\/?page_id=3"},"modified":"2026-03-31T14:34:11","modified_gmt":"2026-03-31T11:34:11","slug":"%cf%80%ce%bf%ce%bb%ce%b9%cf%84%ce%b9%ce%ba%ce%ae-%ce%b1%cf%80%ce%bf%cf%81%cf%81%ce%ae%cf%84%ce%bf%cf%85","status":"publish","type":"page","link":"https:\/\/roeoliveoil.com\/it\/%cf%80%ce%bf%ce%bb%ce%b9%cf%84%ce%b9%ce%ba%ce%ae-%ce%b1%cf%80%ce%bf%cf%81%cf%81%ce%ae%cf%84%ce%bf%cf%85\/","title":{"rendered":"Informativa sulla privacy"},"content":{"rendered":"<h3 class=\"wp-block-heading\">Informativa sulla privacy e conformit\u00e0 al GDPR<\/h3>\n\n\n\n<h4 class=\"wp-block-heading\">IN GENERALE<\/h4>\n\n\n\n<p>\u0397 \u03c7\u03c1\u03ae\u03c3\u03b7 \u03c4\u03c9\u03bd \u03b7\u03bb\u03b5\u03ba\u03c4\u03c1\u03bf\u03bd\u03b9\u03ba\u03ce\u03bd \u03c3\u03b5\u03bb\u03af\u03b4\u03c9\u03bd \u03ba\u03b1\u03b9 \u03c5\u03c0\u03b7\u03c1\u03b5\u03c3\u03b9\u03ce\u03bd \u03c0\u03bf\u03cd \u03c0\u03b1\u03c1\u03ad\u03c7\u03bf\u03bd\u03c4\u03b1\u03b9 \u03c3\u03c4\u03bf\u03bd \u03b5\u03c0\u03b9\u03c3\u03ba\u03ad\u03c0\u03c4\u03b7\/\u03c7\u03c1\u03ae\u03c3\u03c4\u03b7, \u03b1\u03c0\u03cc \u03c4\u03bf\u03bd \u03b9\u03c3\u03c4\u03cc\u03c4\u03bf\u03c0\u03bf https:\/\/roeoliveoil.com\/ \u03b9\u03b4\u03b9\u03bf\u03ba\u03c4\u03b7\u03c3\u03af\u03b1\u03c2 \u03c4\u03b7\u03c2 \u00ab\u03a1\u039f\u0397 -\u039a\u03c1\u03b7\u03c4\u03b9\u03ba\u03cc \u0395\u03bb\u03b1\u03b9\u03cc\u03bb\u03b1\u03b4\u03bf &#8211; \u039a\u03c4\u03ae\u03bc\u03b1 \u039a\u03c5\u03c1\u03b9\u03b1\u03ba\u03ac\u03ba\u03b7\u00bb \u03b5\u03c6\u03b5\u03be\u03ae\u03c2 \u00ab\u03b7 \u03b5\u03c4\u03b1\u03b9\u03c1\u03b5\u03af\u03b1\u00bb, \u03c0\u03c1\u03bf\u03cb\u03c0\u03bf\u03b8\u03ad\u03c4\u03b5\u03b9 \u03c4\u03b7\u03bd \u03b1\u03bd\u03b5\u03c0\u03b9\u03c6\u03cd\u03bb\u03b1\u03ba\u03c4\u03b7 \u03c3\u03c5\u03bc\u03c6\u03c9\u03bd\u03af\u03b1 \u03c3\u03b1\u03c2 \u03bc\u03b5 \u03c4\u03b7\u03bd \u03a0\u03bf\u03bb\u03b9\u03c4\u03b9\u03ba\u03ae \u0391\u03c0\u03bf\u03c1\u03c1\u03ae\u03c4\u03bf\u03c5 \u03c0\u03b5\u03c1\u03af \u03a0\u03c1\u03bf\u03c3\u03c4\u03b1\u03c3\u03af\u03b1\u03c2 \u03a0\u03c1\u03bf\u03c3\u03c9\u03c0\u03b9\u03ba\u03ce\u03bd \u0394\u03b5\u03b4\u03bf\u03bc\u03ad\u03bd\u03c9\u03bd \u03c4\u03bf\u03c5 \u03c0\u03b1\u03c1\u03cc\u03bd\u03c4\u03bf\u03c2 \u03b9\u03c3\u03c4\u03cc\u03c4\u03bf\u03c0\u03bf\u03c5. \u03a3\u03c5\u03bd\u03b5\u03c0\u03ce\u03c2, \u03bf \u03b5\u03c0\u03b9\u03c3\u03ba\u03ad\u03c0\u03c4\u03b7\u03c2\/\u03c7\u03c1\u03ae\u03c3\u03c4\u03b7\u03c2 \u03bf\u03c6\u03b5\u03af\u03bb\u03b5\u03b9 \u03bd\u03b1 \u03b4\u03b9\u03b1\u03b2\u03ac\u03c3\u03b5\u03b9 \u03c0\u03c1\u03bf\u03c3\u03b5\u03ba\u03c4\u03b9\u03ba\u03ac \u03c4\u03b1 \u03c0\u03b5\u03c1\u03b9\u03b5\u03c7\u03cc\u03bc\u03b5\u03bd\u03b1 \u03b1\u03c5\u03c4\u03ae\u03c2 \u03c4\u03b7\u03c2 \u03c3\u03b5\u03bb\u03af\u03b4\u03b1\u03c2, \u03c0\u03c1\u03b9\u03bd \u03b1\u03c0\u03cc \u03c4\u03b7 \u03c7\u03c1\u03ae\u03c3\u03b7 \u03c4\u03c9\u03bd \u03c5\u03c0\u03b7\u03c1\u03b5\u03c3\u03b9\u03ce\u03bd \u03c4\u03bf\u03c5 \u03b4\u03b9\u03b1\u03b4\u03b9\u03ba\u03c4\u03c5\u03b1\u03ba\u03bf\u03cd \u03bc\u03b1\u03c2 \u03c4\u03cc\u03c0\u03bf\u03c5. \u0391\u03bd \u03b4\u03b5\u03bd \u03c3\u03c5\u03bc\u03c6\u03c9\u03bd\u03b5\u03af, \u03b8\u03b1 \u03c0\u03c1\u03ad\u03c0\u03b5\u03b9 \u03bd\u03b1 \u03c4\u03bf\u03bd \u03b5\u03b3\u03ba\u03b1\u03c4\u03b1\u03bb\u03b5\u03af\u03c8\u03b5\u03b9 \u03ba\u03b1\u03b9 \u03bd\u03b1 \u039c\u0397\u039d \u03ba\u03ac\u03bd\u03b5\u03b9 \u03ba\u03b1\u03bc\u03af\u03b1 \u03c7\u03c1\u03ae\u03c3\u03b7 \u03c4\u03c9\u03bd \u03c5\u03c0\u03b7\u03c1\u03b5\u03c3\u03b9\u03ce\u03bd \u03ba\u03b1\u03b9 \u03c4\u03bf\u03c5 \u03c0\u03b5\u03c1\u03b9\u03b5\u03c7\u03bf\u03bc\u03ad\u03bd\u03bf\u03c5 \u03c4\u03bf\u03c5.<br>La presente informativa sulla privacy pu\u00f2 subire modifiche di tanto in tanto in conformit\u00e0 con la legislazione vigente o con gli sviluppi del settore. Non informeremo espressamente i nostri clienti o gli utenti del nostro sito web in merito a tali modifiche. Vi consigliamo invece di controllare periodicamente questa pagina per eventuali modifiche alla presente informativa sulla privacy. L'uso continuato del sito https:\/\/roeoliveoil.com\/ anche dopo eventuali modifiche alla Politica sulla privacy implica l'accettazione incondizionata di tali termini da parte vostra.<\/p>\n\n\n\n<h4 class=\"wp-block-heading\">Protezione dei dati personali<\/h4>\n\n\n\n<p>Raccogliamo e trattiamo i vostri dati personali solo quando \u00e8 assolutamente necessario.<br>Non venderemo, affitteremo, divulgheremo n\u00e9 renderemo pubblici in alcun modo i vostri dati personali.<br>Se hai meno di 16 anni, DEVI ottenere il consenso dei tuoi genitori prima di utilizzare i servizi di questo sito web.<\/p>\n\n\n\n<h3 class=\"wp-block-heading\">Normativa in materia<\/h3>\n\n\n\n<p>Oltre ai sistemi informatici interni della nostra azienda, questo sito web \u00e8 stato progettato in modo da garantire la conformit\u00e0, per quanto riguarda la protezione dei dati personali degli utenti, alle seguenti leggi e normative:<\/p>\n\n\n\n<ol class=\"wp-block-list\">\n<li>Direttiva UE sulla protezione dei dati del 1995 (DPD)<\/li>\n\n\n\n<li>Regolamento generale sulla protezione dei dati dell'UE (GDPR) del 2018<\/li>\n<\/ol>\n\n\n\n<h3 class=\"wp-block-heading\">Dati personali raccolti da questo sito web e motivi della raccolta<\/h3>\n\n\n\n<p>Questo sito web raccoglie e utilizza i dati personali per i seguenti motivi:<\/p>\n\n\n\n<h4 class=\"wp-block-heading\">Monitoraggio del traffico sui siti web<\/h4>\n\n\n\n<p>Come la maggior parte dei siti web, anche questo utilizza Google Analytics (GA) per monitorare l'attivit\u00e0 degli utenti. Utilizziamo questi dati per determinare il numero di persone che utilizzano il nostro sito web, per comprendere meglio come trovano e utilizzano le nostre pagine e per vedere il loro percorso all'interno del sito. Sebbene GA registri dati quali la vostra posizione geografica, il vostro dispositivo, il browser Internet e il sistema operativo, nessuna di queste informazioni ci permette di identificarvi personalmente. GA registra anche l'indirizzo IP del tuo computer, che potrebbe essere utilizzato per identificarti, ma Google non ci fornisce l'accesso a tale informazione. Riteniamo che Google sia un responsabile del trattamento dei dati di terze parti conforme ai requisiti della legislazione europea.<\/p>\n\n\n\n<h4 class=\"wp-block-heading\">Moduli di contatto e link e-mail<\/h4>\n\n\n\n<p>Nel caso in cui decideste di contattarci tramite il modulo di contatto o un link alla nostra e-mail, nessuno dei dati da voi forniti verr\u00e0 memorizzato da questo sito web n\u00e9 sar\u00e0 trasmesso o trattato da alcun responsabile del trattamento di dati di terze parti, come definito di seguito nella sezione \u00abI nostri responsabili del trattamento di dati di terze parti\u00bb. Al contrario, tali dati ci saranno inviati tramite un messaggio di posta elettronica utilizzando il protocollo SMTP (Simple Mail Transfer Protocol). I nostri server SMTP sono protetti dal protocollo di sicurezza TLS (talvolta noto anche come SSL), il che significa che il contenuto delle e-mail viene crittografato prima di essere inviato tramite Internet. Il contenuto dell'e-mail viene decrittografato dai nostri computer e dispositivi locali.<\/p>\n\n\n\n<h3 class=\"wp-block-heading\">Informazioni sui cookie<\/h3>\n\n\n\n<h4 class=\"wp-block-heading\">Che cos'\u00e8 un cookie?<\/h4>\n\n\n\n<p>Il termine \u00abcookie\u00bb si riferisce a un piccolo file di dati costituito esclusivamente da una serie di informazioni in formato testo, che il sito web trasferisce al browser installato sul disco rigido del vostro computer, sia temporaneamente per tutta la durata della vostra visita, sia, in alcuni casi, per periodi pi\u00f9 lunghi, a seconda del tipo di cookie. I cookie svolgono diverse funzioni (ad esempio, vi distinguono dagli altri visitatori dello stesso sito web o ricordano alcune informazioni su di voi, come le vostre preferenze) e vengono utilizzati dalla maggior parte dei siti web per migliorare la vostra esperienza come utenti.<br>Ogni cookie \u00e8 unico per il tuo browser e contiene alcune informazioni anonime. Un cookie contiene solitamente il nome del dominio da cui proviene, la \"durata\" del cookie e un valore (di solito sotto forma di un numero unico generato casualmente).<\/p>\n\n\n\n<h4 class=\"wp-block-heading\">Tipi di cookie<\/h4>\n\n\n\n<p>Di seguito sono descritti i principali tipi di cookie che i siti web potrebbero utilizzare<\/p>\n\n\n\n<ul class=\"wp-block-list\">\n<li>Cookie di sessione Si tratta di cookie temporanei che rimangono nella cartella dei cookie del browser del tuo dispositivo solo per la durata della tua visita e vengono cancellati quando chiudi il browser.<\/li>\n\n\n\n<li>Cookie permanenti (persistent cookies) Questi rimangono nella cartella dei cookie del browser del tuo dispositivo anche dopo la chiusura del browser, a volte per un anno o anche pi\u00f9 a lungo (la durata esatta dipende dalla durata di ciascun cookie). I cookie permanenti vengono utilizzati quando il gestore del sito web potrebbe aver bisogno di sapere chi sei per pi\u00f9 di una visita (ad esempio, per ricordare il tuo nome utente o le tue preferenze relative alla personalizzazione del sito web).<\/li>\n\n\n\n<li>Cookie di prima parte (First-party cookies) Si tratta di cookie che vengono installati nel browser e\/o sul disco rigido del vostro dispositivo dal sito web che state visitando. Ci\u00f2 comporta l'assegnazione di un codice identificativo univoco all'utente al fine di monitorare la sua navigazione sul sito. Gli amministratori dei siti web utilizzano spesso i cookie di prima parte per gestire le visite e per scopi di identificazione.<\/li>\n\n\n\n<li>Cookie di terze parti (Third-party cookies) Si tratta di cookie utilizzati da terze parti, come ad esempio i social network, per tracciare le vostre visite ai vari siti web su cui vengono pubblicizzati. Il gestore del sito web non ha alcun controllo su questi cookie di terze parti.<\/li>\n<\/ul>\n\n\n\n<h4 class=\"wp-block-heading\">I cookie su questo sito web e come gestirli<\/h4>\n\n\n\n<p>Su questo sito web utilizziamo i cookie per migliorare l'esperienza di navigazione dei visitatori. Il funzionamento del sito web risulter\u00e0 notevolmente compromesso se disattivi o non accetti l'uso dei cookie.<br>Di seguito sono riportate informazioni sui cookie di terze parti che utilizziamo su questo sito web, comprese le modalit\u00e0 per disattivarli e l'impatto che tale disattivazione ha sul funzionamento del sito. Se desideri maggiori informazioni su come gestire determinati tipi di cookie, compreso come controllarli o eliminarli, visita il sito: www.aboutcookies.org . <a href=\"http:\/\/www.aboutcookies.org\">www.aboutcookies.org <\/a>.<\/p>\n\n\n\n<h4 class=\"wp-block-heading\">Cookie di Google Analytics<\/h4>\n\n\n\n<p>I cookie di Google Analytics sono cookie di analisi\/monitoraggio delle prestazioni che ci consentono di raccogliere informazioni anonime su come i visitatori utilizzano il nostro sito web. Questi cookie possono fornirci informazioni sul numero di visitatori che utilizzano il sito, l'ora e la durata dell'accesso, oltre a fornire informazioni su come i visitatori navigano nelle varie sezioni del sito. Queste informazioni ci aiutano a migliorare il funzionamento del nostro sito web. Si tratta di informazioni anonime che non contengono dati personali.<br>Le informazioni raccolte dai cookie di Google Analytics relative al nostro sito web vengono trasmesse e archiviate sui server di Google in conformit\u00e0 con l'informativa sulla privacy di Google.<br>Per ulteriori informazioni sul servizio Google Analytics, clicca su <a href=\"https:\/\/support.google.com\/analytics\/answer\/6004245\">https:\/\/support.google.com\/analytics\/answer\/6004245<\/a><br>\u00c8 possibile disattivare il monitoraggio da parte del servizio Google Analytics cliccando su <a href=\"https:\/\/tools.google.com\/dlpage\/gaoptout?hl=en=GB\">https:\/\/tools.go ogle.com\/dlpa ge\/gaoptout?hl =en=GB<\/a><br>Se disattivate questi cookie, la vostra navigazione sul sito non verr\u00e0 registrata n\u00e9 inclusa nelle statistiche che raccogliamo per migliorare i servizi che forniamo tramite il sito. Il funzionamento del sito non ne risentir\u00e0.<\/p>\n\n\n\n<h4 class=\"wp-block-heading\">Cookie dei fornitori di servizi video (Google, Vimeo, DailyMotion ecc.)<\/h4>\n\n\n\n<p>Questi fornitori potrebbero inserire dei cookie sul tuo dispositivo se guardi sul nostro sito web dei video che ci forniscono come servizio esterno.<br>Se disattivi questi cookie, potresti non riuscire a visualizzare i video incorporati dal nostro sito web.<\/p>\n\n\n\n<h4 class=\"wp-block-heading\">Cookie dei social network<\/h4>\n\n\n\n<p>I social network di terze parti possono inserire cookie sul tuo dispositivo se scegli di condividere contenuti dal nostro sito web su tali piattaforme, cliccando su uno dei pulsanti integrati contrassegnati con la dicitura \u00abCondividi\u00bb (share).<br>Se disattivi questi cookie, la funzione \u00abCondivisione\u00bb non sar\u00e0 disponibile.<\/p>\n\n\n\n<h3 class=\"wp-block-heading\">Informazioni sul server di questo sito web<\/h3>\n\n\n\n<p>Tutto il traffico Internet (trasferimento di file) tra questo sito web e il tuo browser \u00e8 crittografato e avviene tramite il protocollo HTTPS utilizzando il protocollo SSL (Secure Sockets Layer).<\/p>\n\n\n\n<h3 class=\"wp-block-heading\">I nostri responsabili del trattamento dei dati di terze parti<\/h3>\n\n\n\n<p>Ci avvaliamo di una serie di soggetti terzi per il trattamento dei dati personali per nostro conto. Tali soggetti sono stati selezionati con cura per garantire il rispetto della normativa citata nel presente documento.<\/p>\n\n\n\n<h3 class=\"wp-block-heading\">Violazioni dei dati<\/h3>\n\n\n\n<p>Per quanto riguarda i vostri dati personali memorizzati nel nostro database, verranno adottate tutte le misure necessarie per garantirne la sicurezza.<br>Segnaleremo ogni eventuale violazione illegale del database di questo sito web o del database di qualsiasi terzo responsabile del trattamento a tutte le parti direttamente interessate, nonch\u00e9 alle autorit\u00e0 competenti, entro 72 ore dalla violazione, qualora sia evidente che i dati personali conservati in forma identificabile siano stati rubati.<\/p>","protected":false},"excerpt":{"rendered":"<p>\u03a0\u03bf\u03bb\u03b9\u03c4\u03b9\u03ba\u03ae \u03b1\u03c0\u03bf\u03c1\u03c1\u03ae\u03c4\u03bf\u03c5 &amp; \u03c3\u03c5\u03bc\u03bc\u03cc\u03c1\u03c6\u03c9\u03c3\u03b7 GDPR \u0393\u0395\u039d\u0399\u039a\u0391 \u0397 \u03c7\u03c1\u03ae\u03c3\u03b7 \u03c4\u03c9\u03bd \u03b7\u03bb\u03b5\u03ba\u03c4\u03c1\u03bf\u03bd\u03b9\u03ba\u03ce\u03bd \u03c3\u03b5\u03bb\u03af\u03b4\u03c9\u03bd \u03ba\u03b1\u03b9 \u03c5\u03c0\u03b7\u03c1\u03b5\u03c3\u03b9\u03ce\u03bd \u03c0\u03bf\u03cd \u03c0\u03b1\u03c1\u03ad\u03c7\u03bf\u03bd\u03c4\u03b1\u03b9 \u03c3\u03c4\u03bf\u03bd \u03b5\u03c0\u03b9\u03c3\u03ba\u03ad\u03c0\u03c4\u03b7\/\u03c7\u03c1\u03ae\u03c3\u03c4\u03b7, \u03b1\u03c0\u03cc \u03c4\u03bf\u03bd \u03b9\u03c3\u03c4\u03cc\u03c4\u03bf\u03c0\u03bf https:\/\/roeoliveoil.com\/ \u03b9\u03b4\u03b9\u03bf\u03ba\u03c4\u03b7\u03c3\u03af\u03b1\u03c2 \u03c4\u03b7\u03c2 \u00ab\u03a1\u039f\u0397 -\u039a\u03c1\u03b7\u03c4\u03b9\u03ba\u03cc \u0395\u03bb\u03b1\u03b9\u03cc\u03bb\u03b1\u03b4\u03bf &#8211; \u039a\u03c4\u03ae\u03bc\u03b1 \u039a\u03c5\u03c1\u03b9\u03b1\u03ba\u03ac\u03ba\u03b7\u00bb \u03b5\u03c6\u03b5\u03be\u03ae\u03c2 \u00ab\u03b7 \u03b5\u03c4\u03b1\u03b9\u03c1\u03b5\u03af\u03b1\u00bb, \u03c0\u03c1\u03bf\u03cb\u03c0\u03bf\u03b8\u03ad\u03c4\u03b5\u03b9 \u03c4\u03b7\u03bd \u03b1\u03bd\u03b5\u03c0\u03b9\u03c6\u03cd\u03bb\u03b1\u03ba\u03c4\u03b7 \u03c3\u03c5\u03bc\u03c6\u03c9\u03bd\u03af\u03b1 \u03c3\u03b1\u03c2 \u03bc\u03b5 \u03c4\u03b7\u03bd \u03a0\u03bf\u03bb\u03b9\u03c4\u03b9\u03ba\u03ae \u0391\u03c0\u03bf\u03c1\u03c1\u03ae\u03c4\u03bf\u03c5 \u03c0\u03b5\u03c1\u03af \u03a0\u03c1\u03bf\u03c3\u03c4\u03b1\u03c3\u03af\u03b1\u03c2 \u03a0\u03c1\u03bf\u03c3\u03c9\u03c0\u03b9\u03ba\u03ce\u03bd \u0394\u03b5\u03b4\u03bf\u03bc\u03ad\u03bd\u03c9\u03bd \u03c4\u03bf\u03c5 \u03c0\u03b1\u03c1\u03cc\u03bd\u03c4\u03bf\u03c2 \u03b9\u03c3\u03c4\u03cc\u03c4\u03bf\u03c0\u03bf\u03c5. \u03a3\u03c5\u03bd\u03b5\u03c0\u03ce\u03c2, \u03bf \u03b5\u03c0\u03b9\u03c3\u03ba\u03ad\u03c0\u03c4\u03b7\u03c2\/\u03c7\u03c1\u03ae\u03c3\u03c4\u03b7\u03c2 \u03bf\u03c6\u03b5\u03af\u03bb\u03b5\u03b9 \u03bd\u03b1 \u03b4\u03b9\u03b1\u03b2\u03ac\u03c3\u03b5\u03b9 \u03c0\u03c1\u03bf\u03c3\u03b5\u03ba\u03c4\u03b9\u03ba\u03ac [&hellip;]<\/p>\n","protected":false},"author":1,"featured_media":0,"parent":0,"menu_order":0,"comment_status":"closed","ping_status":"closed","template":"","meta":{"slim_seo":{"title":"\u03a0\u03bf\u03bb\u03b9\u03c4\u03b9\u03ba\u03ae \u0391\u03c0\u03bf\u03c1\u03c1\u03ae\u03c4\u03bf\u03c5 - \u03a1\u039f\u0397","description":"\u03a0\u03bf\u03bb\u03b9\u03c4\u03b9\u03ba\u03ae \u03b1\u03c0\u03bf\u03c1\u03c1\u03ae\u03c4\u03bf\u03c5 &amp; \u03c3\u03c5\u03bc\u03bc\u03cc\u03c1\u03c6\u03c9\u03c3\u03b7 GDPR \u0393\u0395\u039d\u0399\u039a\u0391 \u0397 \u03c7\u03c1\u03ae\u03c3\u03b7 \u03c4\u03c9\u03bd \u03b7\u03bb\u03b5\u03ba\u03c4\u03c1\u03bf\u03bd\u03b9\u03ba\u03ce\u03bd \u03c3\u03b5\u03bb\u03af\u03b4\u03c9\u03bd \u03ba\u03b1\u03b9 \u03c5\u03c0\u03b7\u03c1\u03b5\u03c3\u03b9\u03ce\u03bd \u03c0\u03bf\u03cd \u03c0\u03b1\u03c1\u03ad\u03c7\u03bf\u03bd\u03c4\u03b1\u03b9 \u03c3\u03c4\u03bf\u03bd \u03b5\u03c0\u03b9\u03c3\u03ba\u03ad\u03c0\u03c4\u03b7\/\u03c7\u03c1\u03ae\u03c3\u03c4\u03b7, \u03b1\u03c0\u03cc \u03c4\u03bf\u03bd \u03b9\u03c3\u03c4\u03cc\u03c4\u03bf\u03c0\u03bf https:\/\/ro"},"footnotes":""},"class_list":["post-3","page","type-page","status-publish","hentry"],"_links":{"self":[{"href":"https:\/\/roeoliveoil.com\/it\/wp-json\/wp\/v2\/pages\/3","targetHints":{"allow":["GET"]}}],"collection":[{"href":"https:\/\/roeoliveoil.com\/it\/wp-json\/wp\/v2\/pages"}],"about":[{"href":"https:\/\/roeoliveoil.com\/it\/wp-json\/wp\/v2\/types\/page"}],"author":[{"embeddable":true,"href":"https:\/\/roeoliveoil.com\/it\/wp-json\/wp\/v2\/users\/1"}],"replies":[{"embeddable":true,"href":"https:\/\/roeoliveoil.com\/it\/wp-json\/wp\/v2\/comments?post=3"}],"version-history":[{"count":5,"href":"https:\/\/roeoliveoil.com\/it\/wp-json\/wp\/v2\/pages\/3\/revisions"}],"predecessor-version":[{"id":1107,"href":"https:\/\/roeoliveoil.com\/it\/wp-json\/wp\/v2\/pages\/3\/revisions\/1107"}],"wp:attachment":[{"href":"https:\/\/roeoliveoil.com\/it\/wp-json\/wp\/v2\/media?parent=3"}],"curies":[{"name":"wp","href":"https:\/\/api.w.org\/{rel}","templated":true}]}}