{"id":3,"date":"2025-07-30T06:05:06","date_gmt":"2025-07-30T06:05:06","guid":{"rendered":"https:\/\/roeoliveoil.com\/?page_id=3"},"modified":"2026-03-31T14:34:11","modified_gmt":"2026-03-31T11:34:11","slug":"%cf%80%ce%bf%ce%bb%ce%b9%cf%84%ce%b9%ce%ba%ce%ae-%ce%b1%cf%80%ce%bf%cf%81%cf%81%ce%ae%cf%84%ce%bf%cf%85","status":"publish","type":"page","link":"https:\/\/roeoliveoil.com\/es\/%cf%80%ce%bf%ce%bb%ce%b9%cf%84%ce%b9%ce%ba%ce%ae-%ce%b1%cf%80%ce%bf%cf%81%cf%81%ce%ae%cf%84%ce%bf%cf%85\/","title":{"rendered":"Pol\u00edtica de privacidad"},"content":{"rendered":"<h3 class=\"wp-block-heading\">Pol\u00edtica de privacidad y cumplimiento del RGPD<\/h3>\n\n\n\n<h4 class=\"wp-block-heading\">GENERAL<\/h4>\n\n\n\n<p>\u0397 \u03c7\u03c1\u03ae\u03c3\u03b7 \u03c4\u03c9\u03bd \u03b7\u03bb\u03b5\u03ba\u03c4\u03c1\u03bf\u03bd\u03b9\u03ba\u03ce\u03bd \u03c3\u03b5\u03bb\u03af\u03b4\u03c9\u03bd \u03ba\u03b1\u03b9 \u03c5\u03c0\u03b7\u03c1\u03b5\u03c3\u03b9\u03ce\u03bd \u03c0\u03bf\u03cd \u03c0\u03b1\u03c1\u03ad\u03c7\u03bf\u03bd\u03c4\u03b1\u03b9 \u03c3\u03c4\u03bf\u03bd \u03b5\u03c0\u03b9\u03c3\u03ba\u03ad\u03c0\u03c4\u03b7\/\u03c7\u03c1\u03ae\u03c3\u03c4\u03b7, \u03b1\u03c0\u03cc \u03c4\u03bf\u03bd \u03b9\u03c3\u03c4\u03cc\u03c4\u03bf\u03c0\u03bf https:\/\/roeoliveoil.com\/ \u03b9\u03b4\u03b9\u03bf\u03ba\u03c4\u03b7\u03c3\u03af\u03b1\u03c2 \u03c4\u03b7\u03c2 \u00ab\u03a1\u039f\u0397 -\u039a\u03c1\u03b7\u03c4\u03b9\u03ba\u03cc \u0395\u03bb\u03b1\u03b9\u03cc\u03bb\u03b1\u03b4\u03bf &#8211; \u039a\u03c4\u03ae\u03bc\u03b1 \u039a\u03c5\u03c1\u03b9\u03b1\u03ba\u03ac\u03ba\u03b7\u00bb \u03b5\u03c6\u03b5\u03be\u03ae\u03c2 \u00ab\u03b7 \u03b5\u03c4\u03b1\u03b9\u03c1\u03b5\u03af\u03b1\u00bb, \u03c0\u03c1\u03bf\u03cb\u03c0\u03bf\u03b8\u03ad\u03c4\u03b5\u03b9 \u03c4\u03b7\u03bd \u03b1\u03bd\u03b5\u03c0\u03b9\u03c6\u03cd\u03bb\u03b1\u03ba\u03c4\u03b7 \u03c3\u03c5\u03bc\u03c6\u03c9\u03bd\u03af\u03b1 \u03c3\u03b1\u03c2 \u03bc\u03b5 \u03c4\u03b7\u03bd \u03a0\u03bf\u03bb\u03b9\u03c4\u03b9\u03ba\u03ae \u0391\u03c0\u03bf\u03c1\u03c1\u03ae\u03c4\u03bf\u03c5 \u03c0\u03b5\u03c1\u03af \u03a0\u03c1\u03bf\u03c3\u03c4\u03b1\u03c3\u03af\u03b1\u03c2 \u03a0\u03c1\u03bf\u03c3\u03c9\u03c0\u03b9\u03ba\u03ce\u03bd \u0394\u03b5\u03b4\u03bf\u03bc\u03ad\u03bd\u03c9\u03bd \u03c4\u03bf\u03c5 \u03c0\u03b1\u03c1\u03cc\u03bd\u03c4\u03bf\u03c2 \u03b9\u03c3\u03c4\u03cc\u03c4\u03bf\u03c0\u03bf\u03c5. \u03a3\u03c5\u03bd\u03b5\u03c0\u03ce\u03c2, \u03bf \u03b5\u03c0\u03b9\u03c3\u03ba\u03ad\u03c0\u03c4\u03b7\u03c2\/\u03c7\u03c1\u03ae\u03c3\u03c4\u03b7\u03c2 \u03bf\u03c6\u03b5\u03af\u03bb\u03b5\u03b9 \u03bd\u03b1 \u03b4\u03b9\u03b1\u03b2\u03ac\u03c3\u03b5\u03b9 \u03c0\u03c1\u03bf\u03c3\u03b5\u03ba\u03c4\u03b9\u03ba\u03ac \u03c4\u03b1 \u03c0\u03b5\u03c1\u03b9\u03b5\u03c7\u03cc\u03bc\u03b5\u03bd\u03b1 \u03b1\u03c5\u03c4\u03ae\u03c2 \u03c4\u03b7\u03c2 \u03c3\u03b5\u03bb\u03af\u03b4\u03b1\u03c2, \u03c0\u03c1\u03b9\u03bd \u03b1\u03c0\u03cc \u03c4\u03b7 \u03c7\u03c1\u03ae\u03c3\u03b7 \u03c4\u03c9\u03bd \u03c5\u03c0\u03b7\u03c1\u03b5\u03c3\u03b9\u03ce\u03bd \u03c4\u03bf\u03c5 \u03b4\u03b9\u03b1\u03b4\u03b9\u03ba\u03c4\u03c5\u03b1\u03ba\u03bf\u03cd \u03bc\u03b1\u03c2 \u03c4\u03cc\u03c0\u03bf\u03c5. \u0391\u03bd \u03b4\u03b5\u03bd \u03c3\u03c5\u03bc\u03c6\u03c9\u03bd\u03b5\u03af, \u03b8\u03b1 \u03c0\u03c1\u03ad\u03c0\u03b5\u03b9 \u03bd\u03b1 \u03c4\u03bf\u03bd \u03b5\u03b3\u03ba\u03b1\u03c4\u03b1\u03bb\u03b5\u03af\u03c8\u03b5\u03b9 \u03ba\u03b1\u03b9 \u03bd\u03b1 \u039c\u0397\u039d \u03ba\u03ac\u03bd\u03b5\u03b9 \u03ba\u03b1\u03bc\u03af\u03b1 \u03c7\u03c1\u03ae\u03c3\u03b7 \u03c4\u03c9\u03bd \u03c5\u03c0\u03b7\u03c1\u03b5\u03c3\u03b9\u03ce\u03bd \u03ba\u03b1\u03b9 \u03c4\u03bf\u03c5 \u03c0\u03b5\u03c1\u03b9\u03b5\u03c7\u03bf\u03bc\u03ad\u03bd\u03bf\u03c5 \u03c4\u03bf\u03c5.<br>Esta pol\u00edtica de privacidad puede modificarse ocasionalmente en funci\u00f3n de la legislaci\u00f3n o de los cambios en el sector. No informaremos expresamente a nuestros clientes ni a los usuarios de nuestro sitio web sobre dichos cambios. En su lugar, le recomendamos que consulte esta p\u00e1gina de vez en cuando para conocer cualquier cambio en la presente pol\u00edtica de privacidad. El uso continuado del sitio web https:\/\/roeoliveoil.com\/, incluso tras cualquier cambio en la Pol\u00edtica de Privacidad, implica su aceptaci\u00f3n incondicional de estos t\u00e9rminos.<\/p>\n\n\n\n<h4 class=\"wp-block-heading\">Protecci\u00f3n de datos personales<\/h4>\n\n\n\n<p>Recopilamos y tratamos sus datos personales solo cuando es absolutamente necesario.<br>Nunca venderemos, alquilaremos, distribuiremos ni divulgaremos de ninguna manera sus datos personales.<br>Si eres menor de 16 a\u00f1os, DEBES contar con el consentimiento de tus padres antes de utilizar los servicios de este sitio web.<\/p>\n\n\n\n<h3 class=\"wp-block-heading\">Legislaci\u00f3n pertinente<\/h3>\n\n\n\n<p>Adem\u00e1s de los sistemas inform\u00e1ticos internos de nuestra empresa, este sitio web ha sido dise\u00f1ado para cumplir, en lo que respecta a la protecci\u00f3n de los datos personales de los usuarios, con las siguientes leyes y normativas:<\/p>\n\n\n\n<ol class=\"wp-block-list\">\n<li>Directiva de la UE sobre protecci\u00f3n de datos de 1995 (DPD)<\/li>\n\n\n\n<li>Reglamento General de Protecci\u00f3n de Datos de la UE (RGPD) de 2018<\/li>\n<\/ol>\n\n\n\n<h3 class=\"wp-block-heading\">Informaci\u00f3n personal que recopila este sitio web y por qu\u00e9 la recopilamos<\/h3>\n\n\n\n<p>Este sitio web recopila y utiliza datos personales por los siguientes motivos:<\/p>\n\n\n\n<h4 class=\"wp-block-heading\">Seguimiento del tr\u00e1fico web<\/h4>\n\n\n\n<p>Al igual que la mayor\u00eda de los sitios web, este tambi\u00e9n utiliza Google Analytics (GA) para realizar un seguimiento de la actividad de los usuarios. Utilizamos estos datos para determinar el n\u00famero de personas que utilizan nuestro sitio web, para comprender mejor c\u00f3mo encuentran y utilizan nuestras p\u00e1ginas y para ver su recorrido por el sitio. Aunque GA registra datos como su ubicaci\u00f3n geogr\u00e1fica, su dispositivo, su navegador web y su sistema operativo, ninguna de estas informaciones nos permite identificarle personalmente. GA tambi\u00e9n registra la direcci\u00f3n IP de su ordenador, que podr\u00eda utilizarse para identificarle, pero Google no nos proporciona acceso a ella. Consideramos que Google es un tercero encargado del tratamiento de datos que cumple con los requisitos de la legislaci\u00f3n europea.<\/p>\n\n\n\n<h4 class=\"wp-block-heading\">Formularios de contacto y enlaces de correo electr\u00f3nico<\/h4>\n\n\n\n<p>En caso de que decida ponerse en contacto con nosotros a trav\u00e9s del formulario de contacto o de un enlace de nuestro correo electr\u00f3nico, ninguno de los datos que nos facilite ser\u00e1 almacenado por este sitio web ni ser\u00e1 transmitido o tratado por ning\u00fan tercero encargado del tratamiento de datos, tal y como se define a continuaci\u00f3n en la secci\u00f3n \u00abNuestros encargados del tratamiento de datos externos\u00bb. Por el contrario, dichos datos nos ser\u00e1n enviados mediante un mensaje de correo electr\u00f3nico a trav\u00e9s del protocolo SMTP (Simple Mail Transfer Protocol). Nuestros servidores SMTP est\u00e1n protegidos por el protocolo de seguridad TLS (a veces conocido como SSL), lo que significa que el contenido del correo electr\u00f3nico se cifra antes de enviarse a trav\u00e9s de Internet. El contenido del correo electr\u00f3nico se descifra en nuestros ordenadores y dispositivos locales.<\/p>\n\n\n\n<h3 class=\"wp-block-heading\">Acerca de las cookies<\/h3>\n\n\n\n<h4 class=\"wp-block-heading\">Qu\u00e9 es una cookie?<\/h4>\n\n\n\n<p>El t\u00e9rmino \u00abcookie\u00bb se refiere a un peque\u00f1o archivo de datos compuesto exclusivamente por una serie de datos en formato de texto, que el sitio web env\u00eda al navegador web almacenado en el disco duro de su ordenador, ya sea de forma temporal durante toda su visita, o en ocasiones durante per\u00edodos m\u00e1s largos, dependiendo del tipo de cookie. Las cookies realizan diversas funciones (por ejemplo, le distinguen de otros visitantes del mismo sitio web o recuerdan ciertos datos sobre usted, como sus preferencias) y son utilizadas por la mayor\u00eda de los sitios web para mejorar su experiencia como usuario.<br>Cada cookie es \u00fanica para su navegador y contiene cierta informaci\u00f3n an\u00f3nima. Una cookie suele contener el nombre del dominio del que procede, la \u00abvida \u00fatil\u00bb de la cookie y un valor (normalmente en forma de un n\u00famero \u00fanico generado aleatoriamente).<\/p>\n\n\n\n<h4 class=\"wp-block-heading\">Tipos de cookies<\/h4>\n\n\n\n<p>A continuaci\u00f3n se describen los principales tipos de cookies que pueden utilizar los sitios web<\/p>\n\n\n\n<ul class=\"wp-block-list\">\n<li>Cookies de sesi\u00f3n. Se trata de cookies temporales que permanecen en el archivo de cookies del navegador de su dispositivo solo durante su visita y se eliminan al cerrar el navegador.<\/li>\n\n\n\n<li>Cookies persistentes (persistent cookies): estas permanecen en el archivo de cookies del navegador de su dispositivo incluso despu\u00e9s de cerrar el navegador, a veces durante un a\u00f1o o m\u00e1s (la duraci\u00f3n exacta depende de la vida \u00fatil de cada cookie). Las cookies permanentes se utilizan cuando el administrador del sitio web necesita saber qui\u00e9n es usted durante m\u00e1s de una visita (por ejemplo, para recordar su nombre de usuario o sus preferencias en cuanto a la configuraci\u00f3n del sitio web).<\/li>\n\n\n\n<li>Cookies de origen (First-party cookies): se trata de cookies que el sitio web que visita instala en el navegador y\/o en el disco duro de su dispositivo. Esto incluye la asignaci\u00f3n de un identificador \u00fanico con el fin de realizar un seguimiento de su navegaci\u00f3n por el sitio web. Los administradores de sitios web suelen utilizar cookies de origen para gestionar las visitas y con fines de identificaci\u00f3n.<\/li>\n\n\n\n<li>Cookies de terceros (Third-party cookies) Se trata de cookies que utilizan terceros, como por ejemplo las redes sociales, para realizar un seguimiento de sus visitas a los distintos sitios web en los que se anuncian. El administrador del sitio web no tiene control sobre estas cookies de terceros.<\/li>\n<\/ul>\n\n\n\n<h4 class=\"wp-block-heading\">Las cookies de este sitio web y c\u00f3mo gestionarlas<\/h4>\n\n\n\n<p>En este sitio web utilizamos cookies para mejorar la experiencia de los visitantes. El funcionamiento del sitio web se ver\u00e1 afectado de manera significativa si desactiva o no acepta el uso de cookies.<br>A continuaci\u00f3n, se ofrece informaci\u00f3n sobre las cookies de terceros que utilizamos en este sitio web, incluyendo c\u00f3mo desactivarlas y el efecto que ello tiene en el funcionamiento del sitio web. Si desea obtener m\u00e1s informaci\u00f3n sobre c\u00f3mo gestionar determinados tipos de cookies, incluyendo c\u00f3mo controlarlas o eliminarlas, visite la direcci\u00f3n: www.aboutcookies.org . <a href=\"http:\/\/www.aboutcookies.org\">www.aboutcookies.org <\/a>.<\/p>\n\n\n\n<h4 class=\"wp-block-heading\">Cookies de Google Analytics<\/h4>\n\n\n\n<p>Las cookies de Google Analytics son cookies de an\u00e1lisis y seguimiento del rendimiento que nos permiten recopilar informaci\u00f3n an\u00f3nima sobre c\u00f3mo los visitantes utilizan nuestro sitio web. Estas cookies nos permiten saber cu\u00e1ntos visitantes utilizan el sitio web, la hora y la duraci\u00f3n de la visita, y tambi\u00e9n nos proporcionan informaci\u00f3n sobre c\u00f3mo navegan los visitantes por las distintas secciones del sitio web. Esta informaci\u00f3n nos ayuda a mejorar el funcionamiento de nuestro sitio web. Se trata de informaci\u00f3n an\u00f3nima y no contiene datos personales.<br>La informaci\u00f3n recopilada por las cookies de Google Analytics sobre nuestro sitio web se transmite y almacena en los servidores de Google de conformidad con la pol\u00edtica de privacidad de Google.<br>Para obtener m\u00e1s informaci\u00f3n sobre el servicio Google Analytics, haga clic en <a href=\"https:\/\/support.google.com\/analytics\/answer\/6004245\">https:\/\/support.google.com\/analytics\/answer\/6004245<\/a><br>Puede desactivar el seguimiento de Google Analytics haciendo clic en el <a href=\"https:\/\/tools.google.com\/dlpage\/gaoptout?hl=en=GB\">https:\/\/tools.google.com\/dlpage\/gaoptout?hl=es-GB<\/a><br>Si desactiva estas cookies, su uso del sitio web no se registrar\u00e1 ni se incluir\u00e1 en las estad\u00edsticas que recopilamos para mejorar los servicios que ofrecemos a trav\u00e9s del sitio web. El funcionamiento del sitio web no se ver\u00e1 afectado.<\/p>\n\n\n\n<h4 class=\"wp-block-heading\">Cookies de proveedores de servicios de v\u00eddeo (Google, Vimeo, DailyMotion, etc.)<\/h4>\n\n\n\n<p>Estos proveedores pueden instalar cookies en su dispositivo si ve en nuestro sitio web v\u00eddeos que nos proporcionan como servicio externo.<br>Si desactivas estas cookies, es posible que no puedas ver los v\u00eddeos incrustados en nuestro sitio web.<\/p>\n\n\n\n<h4 class=\"wp-block-heading\">Cookies de redes sociales<\/h4>\n\n\n\n<p>Las redes sociales de terceros pueden instalar cookies en tu dispositivo si decides compartir contenido de nuestro sitio web con ellas haciendo clic en uno de los botones integrados con el t\u00edtulo \u00abCompartir\u00bb (share).<br>Si desactivas estas cookies, la funci\u00f3n \u00abCompartir\u00bb no estar\u00e1 disponible.<\/p>\n\n\n\n<h3 class=\"wp-block-heading\">Acerca del servidor de este sitio web<\/h3>\n\n\n\n<p>Todo el tr\u00e1fico web (transferencia de archivos) entre este sitio web y su navegador est\u00e1 cifrado y se transmite a trav\u00e9s del protocolo HTTPS utilizando SSL (Secure Sockets Layer).<\/p>\n\n\n\n<h3 class=\"wp-block-heading\">Nuestros encargados del tratamiento de datos externos<\/h3>\n\n\n\n<p>Recurrimos a varios terceros para que traten datos personales en nuestro nombre. Estos terceros han sido cuidadosamente seleccionados para garantizar que cumplen con la legislaci\u00f3n mencionada en el presente documento.<\/p>\n\n\n\n<h3 class=\"wp-block-heading\">Violaciones de datos<\/h3>\n\n\n\n<p>En cuanto a los datos personales que se almacenen en nuestra base de datos, se tomar\u00e1n todas las medidas necesarias para garantizar su seguridad.<br>Notificaremos cualquier posible violaci\u00f3n ilegal de la base de datos de este sitio web o de la base de datos de cualquier tercero encargado del tratamiento a todas las personas directamente afectadas, as\u00ed como a las autoridades competentes, en un plazo de 72 horas desde que se produzca la violaci\u00f3n, siempre que sea evidente que los datos personales almacenados de forma identificable han sido robados.<\/p>","protected":false},"excerpt":{"rendered":"<p>\u03a0\u03bf\u03bb\u03b9\u03c4\u03b9\u03ba\u03ae \u03b1\u03c0\u03bf\u03c1\u03c1\u03ae\u03c4\u03bf\u03c5 &amp; \u03c3\u03c5\u03bc\u03bc\u03cc\u03c1\u03c6\u03c9\u03c3\u03b7 GDPR \u0393\u0395\u039d\u0399\u039a\u0391 \u0397 \u03c7\u03c1\u03ae\u03c3\u03b7 \u03c4\u03c9\u03bd \u03b7\u03bb\u03b5\u03ba\u03c4\u03c1\u03bf\u03bd\u03b9\u03ba\u03ce\u03bd \u03c3\u03b5\u03bb\u03af\u03b4\u03c9\u03bd \u03ba\u03b1\u03b9 \u03c5\u03c0\u03b7\u03c1\u03b5\u03c3\u03b9\u03ce\u03bd \u03c0\u03bf\u03cd \u03c0\u03b1\u03c1\u03ad\u03c7\u03bf\u03bd\u03c4\u03b1\u03b9 \u03c3\u03c4\u03bf\u03bd \u03b5\u03c0\u03b9\u03c3\u03ba\u03ad\u03c0\u03c4\u03b7\/\u03c7\u03c1\u03ae\u03c3\u03c4\u03b7, \u03b1\u03c0\u03cc \u03c4\u03bf\u03bd \u03b9\u03c3\u03c4\u03cc\u03c4\u03bf\u03c0\u03bf https:\/\/roeoliveoil.com\/ \u03b9\u03b4\u03b9\u03bf\u03ba\u03c4\u03b7\u03c3\u03af\u03b1\u03c2 \u03c4\u03b7\u03c2 \u00ab\u03a1\u039f\u0397 -\u039a\u03c1\u03b7\u03c4\u03b9\u03ba\u03cc \u0395\u03bb\u03b1\u03b9\u03cc\u03bb\u03b1\u03b4\u03bf &#8211; \u039a\u03c4\u03ae\u03bc\u03b1 \u039a\u03c5\u03c1\u03b9\u03b1\u03ba\u03ac\u03ba\u03b7\u00bb \u03b5\u03c6\u03b5\u03be\u03ae\u03c2 \u00ab\u03b7 \u03b5\u03c4\u03b1\u03b9\u03c1\u03b5\u03af\u03b1\u00bb, \u03c0\u03c1\u03bf\u03cb\u03c0\u03bf\u03b8\u03ad\u03c4\u03b5\u03b9 \u03c4\u03b7\u03bd \u03b1\u03bd\u03b5\u03c0\u03b9\u03c6\u03cd\u03bb\u03b1\u03ba\u03c4\u03b7 \u03c3\u03c5\u03bc\u03c6\u03c9\u03bd\u03af\u03b1 \u03c3\u03b1\u03c2 \u03bc\u03b5 \u03c4\u03b7\u03bd \u03a0\u03bf\u03bb\u03b9\u03c4\u03b9\u03ba\u03ae \u0391\u03c0\u03bf\u03c1\u03c1\u03ae\u03c4\u03bf\u03c5 \u03c0\u03b5\u03c1\u03af \u03a0\u03c1\u03bf\u03c3\u03c4\u03b1\u03c3\u03af\u03b1\u03c2 \u03a0\u03c1\u03bf\u03c3\u03c9\u03c0\u03b9\u03ba\u03ce\u03bd \u0394\u03b5\u03b4\u03bf\u03bc\u03ad\u03bd\u03c9\u03bd \u03c4\u03bf\u03c5 \u03c0\u03b1\u03c1\u03cc\u03bd\u03c4\u03bf\u03c2 \u03b9\u03c3\u03c4\u03cc\u03c4\u03bf\u03c0\u03bf\u03c5. \u03a3\u03c5\u03bd\u03b5\u03c0\u03ce\u03c2, \u03bf \u03b5\u03c0\u03b9\u03c3\u03ba\u03ad\u03c0\u03c4\u03b7\u03c2\/\u03c7\u03c1\u03ae\u03c3\u03c4\u03b7\u03c2 \u03bf\u03c6\u03b5\u03af\u03bb\u03b5\u03b9 \u03bd\u03b1 \u03b4\u03b9\u03b1\u03b2\u03ac\u03c3\u03b5\u03b9 \u03c0\u03c1\u03bf\u03c3\u03b5\u03ba\u03c4\u03b9\u03ba\u03ac [&hellip;]<\/p>\n","protected":false},"author":1,"featured_media":0,"parent":0,"menu_order":0,"comment_status":"closed","ping_status":"closed","template":"","meta":{"slim_seo":{"title":"\u03a0\u03bf\u03bb\u03b9\u03c4\u03b9\u03ba\u03ae \u0391\u03c0\u03bf\u03c1\u03c1\u03ae\u03c4\u03bf\u03c5 - \u03a1\u039f\u0397","description":"\u03a0\u03bf\u03bb\u03b9\u03c4\u03b9\u03ba\u03ae \u03b1\u03c0\u03bf\u03c1\u03c1\u03ae\u03c4\u03bf\u03c5 &amp; \u03c3\u03c5\u03bc\u03bc\u03cc\u03c1\u03c6\u03c9\u03c3\u03b7 GDPR \u0393\u0395\u039d\u0399\u039a\u0391 \u0397 \u03c7\u03c1\u03ae\u03c3\u03b7 \u03c4\u03c9\u03bd \u03b7\u03bb\u03b5\u03ba\u03c4\u03c1\u03bf\u03bd\u03b9\u03ba\u03ce\u03bd \u03c3\u03b5\u03bb\u03af\u03b4\u03c9\u03bd \u03ba\u03b1\u03b9 \u03c5\u03c0\u03b7\u03c1\u03b5\u03c3\u03b9\u03ce\u03bd \u03c0\u03bf\u03cd \u03c0\u03b1\u03c1\u03ad\u03c7\u03bf\u03bd\u03c4\u03b1\u03b9 \u03c3\u03c4\u03bf\u03bd \u03b5\u03c0\u03b9\u03c3\u03ba\u03ad\u03c0\u03c4\u03b7\/\u03c7\u03c1\u03ae\u03c3\u03c4\u03b7, \u03b1\u03c0\u03cc \u03c4\u03bf\u03bd \u03b9\u03c3\u03c4\u03cc\u03c4\u03bf\u03c0\u03bf https:\/\/ro"},"footnotes":""},"class_list":["post-3","page","type-page","status-publish","hentry"],"_links":{"self":[{"href":"https:\/\/roeoliveoil.com\/es\/wp-json\/wp\/v2\/pages\/3","targetHints":{"allow":["GET"]}}],"collection":[{"href":"https:\/\/roeoliveoil.com\/es\/wp-json\/wp\/v2\/pages"}],"about":[{"href":"https:\/\/roeoliveoil.com\/es\/wp-json\/wp\/v2\/types\/page"}],"author":[{"embeddable":true,"href":"https:\/\/roeoliveoil.com\/es\/wp-json\/wp\/v2\/users\/1"}],"replies":[{"embeddable":true,"href":"https:\/\/roeoliveoil.com\/es\/wp-json\/wp\/v2\/comments?post=3"}],"version-history":[{"count":5,"href":"https:\/\/roeoliveoil.com\/es\/wp-json\/wp\/v2\/pages\/3\/revisions"}],"predecessor-version":[{"id":1107,"href":"https:\/\/roeoliveoil.com\/es\/wp-json\/wp\/v2\/pages\/3\/revisions\/1107"}],"wp:attachment":[{"href":"https:\/\/roeoliveoil.com\/es\/wp-json\/wp\/v2\/media?parent=3"}],"curies":[{"name":"wp","href":"https:\/\/api.w.org\/{rel}","templated":true}]}}