{"id":3,"date":"2025-07-30T06:05:06","date_gmt":"2025-07-30T06:05:06","guid":{"rendered":"https:\/\/roeoliveoil.com\/?page_id=3"},"modified":"2026-03-31T14:34:11","modified_gmt":"2026-03-31T11:34:11","slug":"%cf%80%ce%bf%ce%bb%ce%b9%cf%84%ce%b9%ce%ba%ce%ae-%ce%b1%cf%80%ce%bf%cf%81%cf%81%ce%ae%cf%84%ce%bf%cf%85","status":"publish","type":"page","link":"https:\/\/roeoliveoil.com\/de\/%cf%80%ce%bf%ce%bb%ce%b9%cf%84%ce%b9%ce%ba%ce%ae-%ce%b1%cf%80%ce%bf%cf%81%cf%81%ce%ae%cf%84%ce%bf%cf%85\/","title":{"rendered":"Datenschutzerkl\u00e4rung"},"content":{"rendered":"<h3 class=\"wp-block-heading\">Datenschutzrichtlinie &amp; DSGVO-Konformit\u00e4t<\/h3>\n\n\n\n<h4 class=\"wp-block-heading\">ALLGEMEIN<\/h4>\n\n\n\n<p>\u0397 \u03c7\u03c1\u03ae\u03c3\u03b7 \u03c4\u03c9\u03bd \u03b7\u03bb\u03b5\u03ba\u03c4\u03c1\u03bf\u03bd\u03b9\u03ba\u03ce\u03bd \u03c3\u03b5\u03bb\u03af\u03b4\u03c9\u03bd \u03ba\u03b1\u03b9 \u03c5\u03c0\u03b7\u03c1\u03b5\u03c3\u03b9\u03ce\u03bd \u03c0\u03bf\u03cd \u03c0\u03b1\u03c1\u03ad\u03c7\u03bf\u03bd\u03c4\u03b1\u03b9 \u03c3\u03c4\u03bf\u03bd \u03b5\u03c0\u03b9\u03c3\u03ba\u03ad\u03c0\u03c4\u03b7\/\u03c7\u03c1\u03ae\u03c3\u03c4\u03b7, \u03b1\u03c0\u03cc \u03c4\u03bf\u03bd \u03b9\u03c3\u03c4\u03cc\u03c4\u03bf\u03c0\u03bf https:\/\/roeoliveoil.com\/ \u03b9\u03b4\u03b9\u03bf\u03ba\u03c4\u03b7\u03c3\u03af\u03b1\u03c2 \u03c4\u03b7\u03c2 \u00ab\u03a1\u039f\u0397 -\u039a\u03c1\u03b7\u03c4\u03b9\u03ba\u03cc \u0395\u03bb\u03b1\u03b9\u03cc\u03bb\u03b1\u03b4\u03bf &#8211; \u039a\u03c4\u03ae\u03bc\u03b1 \u039a\u03c5\u03c1\u03b9\u03b1\u03ba\u03ac\u03ba\u03b7\u00bb \u03b5\u03c6\u03b5\u03be\u03ae\u03c2 \u00ab\u03b7 \u03b5\u03c4\u03b1\u03b9\u03c1\u03b5\u03af\u03b1\u00bb, \u03c0\u03c1\u03bf\u03cb\u03c0\u03bf\u03b8\u03ad\u03c4\u03b5\u03b9 \u03c4\u03b7\u03bd \u03b1\u03bd\u03b5\u03c0\u03b9\u03c6\u03cd\u03bb\u03b1\u03ba\u03c4\u03b7 \u03c3\u03c5\u03bc\u03c6\u03c9\u03bd\u03af\u03b1 \u03c3\u03b1\u03c2 \u03bc\u03b5 \u03c4\u03b7\u03bd \u03a0\u03bf\u03bb\u03b9\u03c4\u03b9\u03ba\u03ae \u0391\u03c0\u03bf\u03c1\u03c1\u03ae\u03c4\u03bf\u03c5 \u03c0\u03b5\u03c1\u03af \u03a0\u03c1\u03bf\u03c3\u03c4\u03b1\u03c3\u03af\u03b1\u03c2 \u03a0\u03c1\u03bf\u03c3\u03c9\u03c0\u03b9\u03ba\u03ce\u03bd \u0394\u03b5\u03b4\u03bf\u03bc\u03ad\u03bd\u03c9\u03bd \u03c4\u03bf\u03c5 \u03c0\u03b1\u03c1\u03cc\u03bd\u03c4\u03bf\u03c2 \u03b9\u03c3\u03c4\u03cc\u03c4\u03bf\u03c0\u03bf\u03c5. \u03a3\u03c5\u03bd\u03b5\u03c0\u03ce\u03c2, \u03bf \u03b5\u03c0\u03b9\u03c3\u03ba\u03ad\u03c0\u03c4\u03b7\u03c2\/\u03c7\u03c1\u03ae\u03c3\u03c4\u03b7\u03c2 \u03bf\u03c6\u03b5\u03af\u03bb\u03b5\u03b9 \u03bd\u03b1 \u03b4\u03b9\u03b1\u03b2\u03ac\u03c3\u03b5\u03b9 \u03c0\u03c1\u03bf\u03c3\u03b5\u03ba\u03c4\u03b9\u03ba\u03ac \u03c4\u03b1 \u03c0\u03b5\u03c1\u03b9\u03b5\u03c7\u03cc\u03bc\u03b5\u03bd\u03b1 \u03b1\u03c5\u03c4\u03ae\u03c2 \u03c4\u03b7\u03c2 \u03c3\u03b5\u03bb\u03af\u03b4\u03b1\u03c2, \u03c0\u03c1\u03b9\u03bd \u03b1\u03c0\u03cc \u03c4\u03b7 \u03c7\u03c1\u03ae\u03c3\u03b7 \u03c4\u03c9\u03bd \u03c5\u03c0\u03b7\u03c1\u03b5\u03c3\u03b9\u03ce\u03bd \u03c4\u03bf\u03c5 \u03b4\u03b9\u03b1\u03b4\u03b9\u03ba\u03c4\u03c5\u03b1\u03ba\u03bf\u03cd \u03bc\u03b1\u03c2 \u03c4\u03cc\u03c0\u03bf\u03c5. \u0391\u03bd \u03b4\u03b5\u03bd \u03c3\u03c5\u03bc\u03c6\u03c9\u03bd\u03b5\u03af, \u03b8\u03b1 \u03c0\u03c1\u03ad\u03c0\u03b5\u03b9 \u03bd\u03b1 \u03c4\u03bf\u03bd \u03b5\u03b3\u03ba\u03b1\u03c4\u03b1\u03bb\u03b5\u03af\u03c8\u03b5\u03b9 \u03ba\u03b1\u03b9 \u03bd\u03b1 \u039c\u0397\u039d \u03ba\u03ac\u03bd\u03b5\u03b9 \u03ba\u03b1\u03bc\u03af\u03b1 \u03c7\u03c1\u03ae\u03c3\u03b7 \u03c4\u03c9\u03bd \u03c5\u03c0\u03b7\u03c1\u03b5\u03c3\u03b9\u03ce\u03bd \u03ba\u03b1\u03b9 \u03c4\u03bf\u03c5 \u03c0\u03b5\u03c1\u03b9\u03b5\u03c7\u03bf\u03bc\u03ad\u03bd\u03bf\u03c5 \u03c4\u03bf\u03c5.<br>Diese Datenschutzrichtlinie kann von Zeit zu Zeit aufgrund von gesetzlichen Bestimmungen oder Branchenentwicklungen ge\u00e4ndert werden. Wir werden unsere Kunden oder Nutzer unserer Website nicht ausdr\u00fccklich \u00fcber diese \u00c4nderungen informieren. Stattdessen empfehlen wir Ihnen, diese Seite gelegentlich auf \u00c4nderungen dieser Datenschutzrichtlinie zu \u00fcberpr\u00fcfen. Die weitere Nutzung der Website https:\/\/roeoliveoil.com\/ auch nach etwaigen \u00c4nderungen der Datenschutzrichtlinie bedeutet Ihre bedingungslose Annahme dieser Bedingungen.<\/p>\n\n\n\n<h4 class=\"wp-block-heading\">Datenschutz<\/h4>\n\n\n\n<p>Wir erheben und verarbeiten Ihre personenbezogenen Daten nur, wenn dies unbedingt erforderlich ist.<br>Wir werden Ihre pers\u00f6nlichen Daten niemals verkaufen, vermieten, verteilen oder in irgendeiner Weise ver\u00f6ffentlichen.<br>Wenn Sie unter 16 Jahre alt sind, ben\u00f6tigen Sie die Zustimmung Ihrer Eltern, bevor Sie die Dienste dieser Website nutzen.<\/p>\n\n\n\n<h3 class=\"wp-block-heading\">Relevante Gesetzgebung<\/h3>\n\n\n\n<p>Parallel zu den internen IT-Systemen unseres Unternehmens wurde diese Website so konzipiert, dass sie in Bezug auf den Schutz personenbezogener Daten der Nutzer den folgenden Gesetzen\/Vorschriften entspricht:<\/p>\n\n\n\n<ol class=\"wp-block-list\">\n<li>EU-Datenschutzrichtlinie von 1995 (DPD)<\/li>\n\n\n\n<li>EU-Datenschutz-Grundverordnung (DSGVO) 2018<\/li>\n<\/ol>\n\n\n\n<h3 class=\"wp-block-heading\">Pers\u00f6nliche Informationen, die diese Website sammelt, und warum wir sie sammeln<\/h3>\n\n\n\n<p>Diese Website sammelt und verwendet personenbezogene Daten aus folgenden Gr\u00fcnden:<\/p>\n\n\n\n<h4 class=\"wp-block-heading\">Website-Traffic-\u00dcberwachung<\/h4>\n\n\n\n<p>Wie die meisten Websites verwendet auch diese Google Analytics (GA), um die Nutzeraktivit\u00e4t zu verfolgen. Wir verwenden diese Daten, um festzustellen, wie viele Personen unsere Website nutzen, um besser zu verstehen, wie sie unsere Seiten finden und nutzen, und um ihre Reise durch die Website zu sehen. Obwohl GA Daten wie Ihren geografischen Standort, Ihr Ger\u00e4t, Ihren Webbrowser und Ihr Betriebssystem aufzeichnet, machen keine dieser Informationen Sie f\u00fcr uns pers\u00f6nlich identifizierbar. GA zeichnet auch die IP-Adresse Ihres Computers auf, die zur Identifizierung verwendet werden k\u00f6nnte, aber Google gew\u00e4hrt uns keinen Zugriff darauf. Wir betrachten Google als einen Drittverarbeiter, der die Anforderungen des europ\u00e4ischen Rechts erf\u00fcllt.<\/p>\n\n\n\n<h4 class=\"wp-block-heading\">Kontaktformulare und E-Mail-Links<\/h4>\n\n\n\n<p>Falls Sie sich entscheiden, uns \u00fcber ein Kontaktformular oder einen Link per E-Mail zu kontaktieren, werden keine der von Ihnen bereitgestellten Daten von dieser Website gespeichert oder von einem Drittverarbeiter, wie unten in der Rubrik \u00abUnsere Drittanbieter-Datenverarbeiter\u00bb definiert, weitergegeben oder verarbeitet. Stattdessen werden diese Daten per E-Mail \u00fcber das SMTP-Protokoll (Simple Mail Transfer Protocol) an uns gesendet. Unsere SMTP-Server werden durch ein TLS-Sicherheitsprotokoll (auch bekannt als SSL) gesch\u00fctzt, was bedeutet, dass der E-Mail-Inhalt verschl\u00fcsselt wird, bevor er \u00fcber das Internet gesendet wird. Der E-Mail-Inhalt wird auf unseren lokalen Computern und Ger\u00e4ten entschl\u00fcsselt.<\/p>\n\n\n\n<h3 class=\"wp-block-heading\">\u00dcber Cookies<\/h3>\n\n\n\n<h4 class=\"wp-block-heading\">Was ist ein Cookie?;<\/h4>\n\n\n\n<p>Der Begriff \u00abCookie\u00bb bezeichnet eine kleine Textdatei, die ausschlie\u00dflich aus einer Zeichenkette von Informationen besteht und die eine Website an Ihren Webbrowser auf Ihrer Festplatte \u00fcbertr\u00e4gt, sei es vor\u00fcbergehend w\u00e4hrend Ihres Besuchs oder manchmal auch f\u00fcr l\u00e4ngere Zeitr\u00e4ume, abh\u00e4ngig von der Art des Cookies. Cookies erf\u00fcllen verschiedene Funktionen (z. B. unterscheiden sie Sie von anderen Besuchern derselben Website oder erinnern sich an bestimmte Dinge \u00fcber Sie, wie z. B. Ihre Pr\u00e4ferenzen) und werden von den meisten Websites verwendet, um Ihre Benutzererfahrung zu verbessern.<br>Jedes Cookie ist einzigartig f\u00fcr Ihren Browser und enth\u00e4lt bestimmte anonyme Informationen. Ein Cookie enth\u00e4lt in der Regel den Namen der Dom\u00e4ne, von der das Cookie stammt, die \u00abLebensdauer\u00bb des Cookies und einen Wert (in der Regel in Form einer zuf\u00e4llig generierten eindeutigen Zahl).<\/p>\n\n\n\n<h4 class=\"wp-block-heading\">Cookie-Typen<\/h4>\n\n\n\n<p>Die grundlegenden Arten von Cookies, die von Websites m\u00f6glicherweise verwendet werden, werden nachstehend beschrieben<\/p>\n\n\n\n<ul class=\"wp-block-list\">\n<li>Sitzungs-Cookies (Session Cookies) Dies sind tempor\u00e4re Cookies, die nur w\u00e4hrend Ihres Besuchs in der Cookie-Datei Ihres Browsers verbleiben und gel\u00f6scht werden, wenn Sie den Browser schlie\u00dfen.<\/li>\n\n\n\n<li>Dauerhafte Cookies Diese verbleiben in der Cookie-Datei des Browsers Ihres Ger\u00e4ts auch nach dem Schlie\u00dfen des Browsers, manchmal f\u00fcr ein Jahr oder l\u00e4nger (die genaue Verweildauer h\u00e4ngt von der Lebensdauer des jeweiligen Cookies ab). dauerhafte Cookies werden verwendet, wenn der Website-Administrator wissen muss, wer Sie bei mehr als einem Besuch sind (z. B. um sich Ihren Benutzernamen oder Ihre Pr\u00e4ferenzen f\u00fcr die Website-Konfiguration zu merken).<\/li>\n\n\n\n<li>First-Party-Cookies (Cookies von Erstanbietern) Dies sind Cookies, die von der von Ihnen besuchten Website in Ihrem Browser und\/oder auf der Festplatte Ihres Ger\u00e4ts installiert werden. Dazu geh\u00f6rt die Zuweisung eines eindeutigen Identifikationscodes f\u00fcr Sie, um Ihre Navigation auf der Website zu verfolgen. Website-Administratoren verwenden h\u00e4ufig First-Party-Cookies zur Verwaltung von Besuchen und f\u00fcr Identifizierungszwecke.<\/li>\n\n\n\n<li>Cookies von Drittanbietern (Third-party cookies) Dies sind Cookies, die von Drittanbietern, z. B. sozialen Netzwerken, verwendet werden, um Ihre Besuche auf den verschiedenen Websites zu verfolgen, auf denen sie werben. Der Website-Betreiber hat keine Kontrolle \u00fcber diese Cookies von Drittanbietern.<\/li>\n<\/ul>\n\n\n\n<h4 class=\"wp-block-heading\">Cookies auf dieser Website und wie man sie verwaltet<\/h4>\n\n\n\n<p>Auf dieser Website verwenden wir Cookies, um das Nutzererlebnis auf unserer Website zu verbessern. Die Funktionalit\u00e4t der Website wird stark beeintr\u00e4chtigt, wenn Sie Cookies deaktivieren oder deren Verwendung nicht zulassen.<br>Nachfolgend finden Sie Informationen \u00fcber die von uns auf dieser Website verwendeten Cookies von Drittanbietern, einschlie\u00dflich der Art und Weise, wie Sie diese deaktivieren k\u00f6nnen und welche Auswirkungen die Deaktivierung auf die Funktionalit\u00e4t der Website hat. Wenn Sie weitere Informationen dar\u00fcber w\u00fcnschen, wie Sie bestimmte Arten von Cookies verwalten k\u00f6nnen, einschlie\u00dflich der Art und Weise, wie Sie diese \u00fcberpr\u00fcfen oder l\u00f6schen k\u00f6nnen, besuchen Sie bitte: <a href=\"http:\/\/www.aboutcookies.org\">www.aboutcookies.org <\/a>.<\/p>\n\n\n\n<h4 class=\"wp-block-heading\">Google Analytics Cookies<\/h4>\n\n\n\n<p>Die Cookies von Google Analytics sind Analyse-\/Leistungs-Cookies, die es uns erm\u00f6glichen, anonyme Informationen dar\u00fcber zu sammeln, wie Besucher unsere Website nutzen. Diese Cookies k\u00f6nnen uns dar\u00fcber informieren, wie viele Besucher die Website nutzen, wann und wie lange sie darauf zugreifen, und geben auch Auskunft dar\u00fcber, wie Besucher durch die verschiedenen Bereiche der Website navigieren. Diese Informationen helfen uns, die Funktionsweise unserer Website zu verbessern. Dies sind anonyme Informationen und enthalten keine personenbezogenen Daten.<br>Die von den Cookies von Google Analytics gesammelten Informationen \u00fcber unsere Website werden gem\u00e4\u00df der Datenschutzrichtlinie von Google auf den Servern von Google \u00fcbertragen und dort gespeichert.<br>F\u00fcr weitere Informationen zur Google Analytics-Dienstleistung klicken Sie bitte auf <a href=\"https:\/\/support.google.com\/analytics\/answer\/6004245\">https:\/\/support.google.com\/analytics\/answer\/6004245<\/a><br>Sie k\u00f6nnen das Tracking durch Google Analytics deaktivieren, indem Sie auf die Schaltfl\u00e4che <a href=\"https:\/\/tools.google.com\/dlpage\/gaoptout?hl=en=GB\">https:\/\/tools.google.com\/dlpage\/gaoptout?hl=de-GB<\/a><br>Wenn Sie diese Cookies deaktivieren, wird Ihre Nutzung der Website nicht gez\u00e4hlt und auch nicht in den Statistiken verwendet, die wir sammeln, um die \u00fcber die Website angebotenen Dienste zu verbessern. Die Funktionalit\u00e4t der Website wird dadurch nicht beeintr\u00e4chtigt.<\/p>\n\n\n\n<h4 class=\"wp-block-heading\">Cookies von Videodienstanbietern (Google, Vimeo, DailyMotion, usw.)<\/h4>\n\n\n\n<p>Diese Anbieter k\u00f6nnen Cookies auf Ihrem Ger\u00e4t platzieren, wenn Sie Videos auf unserer Website ansehen, die sie uns als externen Dienst zur Verf\u00fcgung stellen.<br>Wenn Sie diese Cookies deaktivieren, k\u00f6nnen Sie m\u00f6glicherweise keine eingebetteten Videos von unserer Website sehen.<\/p>\n\n\n\n<h4 class=\"wp-block-heading\">Cookies von sozialen Netzwerken<\/h4>\n\n\n\n<p>Soziale Netzwerke Dritter k\u00f6nnen Cookies auf Ihrem Ger\u00e4t platzieren, wenn Sie sich entscheiden, Material von unserer Website mit ihnen zu teilen, indem Sie auf eine der integrierten \u00abTeilen\u00bb-Schaltfl\u00e4chen klicken.<br>Wenn Sie diese Cookies deaktivieren, ist die Funktion \u00abTeilen\u00bb nicht verf\u00fcgbar.<\/p>\n\n\n\n<h3 class=\"wp-block-heading\">\u00dcber den Server dieser Website<\/h3>\n\n\n\n<p>Der gesamte Internetverkehr (Dateitransfer) zwischen dieser Website und Ihrem Browser ist verschl\u00fcsselt und wird \u00fcber das HTTPS-Protokoll unter Verwendung von SSL (Secure Sockets Layer) \u00fcbertragen.<\/p>\n\n\n\n<h3 class=\"wp-block-heading\">Unsere Drittanbieter-Datenverarbeiter<\/h3>\n\n\n\n<p>Wir beauftragen eine Reihe von Drittanbietern mit der Verarbeitung personenbezogener Daten in unserem Namen. Diese Anbieter wurden sorgf\u00e4ltig ausgew\u00e4hlt, um die Einhaltung der in diesem Text genannten Gesetzgebung zu gew\u00e4hrleisten.<\/p>\n\n\n\n<h3 class=\"wp-block-heading\">Datenverletzungen<\/h3>\n\n\n\n<p>F\u00fcr alle pers\u00f6nlichen Daten, die in unserer Datenbank gespeichert werden, werden alle notwendigen Ma\u00dfnahmen ergriffen, um deren Sicherheit zu gew\u00e4hrleisten.<br>Wir werden jeden illegalen Einbruch in die Datenbank dieser Website oder die Datenbank eines Drittanbieters von Datenverarbeitern an alle direkt Betroffenen sowie an die Beh\u00f6rden innerhalb von 72 Stunden nach dem Einbruch melden, sofern erkennbar ist, dass personenbezogene Daten, die in identifizierbarer Form gespeichert sind, gestohlen wurden.<\/p>","protected":false},"excerpt":{"rendered":"<p>\u03a0\u03bf\u03bb\u03b9\u03c4\u03b9\u03ba\u03ae \u03b1\u03c0\u03bf\u03c1\u03c1\u03ae\u03c4\u03bf\u03c5 &amp; \u03c3\u03c5\u03bc\u03bc\u03cc\u03c1\u03c6\u03c9\u03c3\u03b7 GDPR \u0393\u0395\u039d\u0399\u039a\u0391 \u0397 \u03c7\u03c1\u03ae\u03c3\u03b7 \u03c4\u03c9\u03bd \u03b7\u03bb\u03b5\u03ba\u03c4\u03c1\u03bf\u03bd\u03b9\u03ba\u03ce\u03bd \u03c3\u03b5\u03bb\u03af\u03b4\u03c9\u03bd \u03ba\u03b1\u03b9 \u03c5\u03c0\u03b7\u03c1\u03b5\u03c3\u03b9\u03ce\u03bd \u03c0\u03bf\u03cd \u03c0\u03b1\u03c1\u03ad\u03c7\u03bf\u03bd\u03c4\u03b1\u03b9 \u03c3\u03c4\u03bf\u03bd \u03b5\u03c0\u03b9\u03c3\u03ba\u03ad\u03c0\u03c4\u03b7\/\u03c7\u03c1\u03ae\u03c3\u03c4\u03b7, \u03b1\u03c0\u03cc \u03c4\u03bf\u03bd \u03b9\u03c3\u03c4\u03cc\u03c4\u03bf\u03c0\u03bf https:\/\/roeoliveoil.com\/ \u03b9\u03b4\u03b9\u03bf\u03ba\u03c4\u03b7\u03c3\u03af\u03b1\u03c2 \u03c4\u03b7\u03c2 \u00ab\u03a1\u039f\u0397 -\u039a\u03c1\u03b7\u03c4\u03b9\u03ba\u03cc \u0395\u03bb\u03b1\u03b9\u03cc\u03bb\u03b1\u03b4\u03bf &#8211; \u039a\u03c4\u03ae\u03bc\u03b1 \u039a\u03c5\u03c1\u03b9\u03b1\u03ba\u03ac\u03ba\u03b7\u00bb \u03b5\u03c6\u03b5\u03be\u03ae\u03c2 \u00ab\u03b7 \u03b5\u03c4\u03b1\u03b9\u03c1\u03b5\u03af\u03b1\u00bb, \u03c0\u03c1\u03bf\u03cb\u03c0\u03bf\u03b8\u03ad\u03c4\u03b5\u03b9 \u03c4\u03b7\u03bd \u03b1\u03bd\u03b5\u03c0\u03b9\u03c6\u03cd\u03bb\u03b1\u03ba\u03c4\u03b7 \u03c3\u03c5\u03bc\u03c6\u03c9\u03bd\u03af\u03b1 \u03c3\u03b1\u03c2 \u03bc\u03b5 \u03c4\u03b7\u03bd \u03a0\u03bf\u03bb\u03b9\u03c4\u03b9\u03ba\u03ae \u0391\u03c0\u03bf\u03c1\u03c1\u03ae\u03c4\u03bf\u03c5 \u03c0\u03b5\u03c1\u03af \u03a0\u03c1\u03bf\u03c3\u03c4\u03b1\u03c3\u03af\u03b1\u03c2 \u03a0\u03c1\u03bf\u03c3\u03c9\u03c0\u03b9\u03ba\u03ce\u03bd \u0394\u03b5\u03b4\u03bf\u03bc\u03ad\u03bd\u03c9\u03bd \u03c4\u03bf\u03c5 \u03c0\u03b1\u03c1\u03cc\u03bd\u03c4\u03bf\u03c2 \u03b9\u03c3\u03c4\u03cc\u03c4\u03bf\u03c0\u03bf\u03c5. \u03a3\u03c5\u03bd\u03b5\u03c0\u03ce\u03c2, \u03bf \u03b5\u03c0\u03b9\u03c3\u03ba\u03ad\u03c0\u03c4\u03b7\u03c2\/\u03c7\u03c1\u03ae\u03c3\u03c4\u03b7\u03c2 \u03bf\u03c6\u03b5\u03af\u03bb\u03b5\u03b9 \u03bd\u03b1 \u03b4\u03b9\u03b1\u03b2\u03ac\u03c3\u03b5\u03b9 \u03c0\u03c1\u03bf\u03c3\u03b5\u03ba\u03c4\u03b9\u03ba\u03ac [&hellip;]<\/p>\n","protected":false},"author":1,"featured_media":0,"parent":0,"menu_order":0,"comment_status":"closed","ping_status":"closed","template":"","meta":{"slim_seo":{"title":"\u03a0\u03bf\u03bb\u03b9\u03c4\u03b9\u03ba\u03ae \u0391\u03c0\u03bf\u03c1\u03c1\u03ae\u03c4\u03bf\u03c5 - \u03a1\u039f\u0397","description":"\u03a0\u03bf\u03bb\u03b9\u03c4\u03b9\u03ba\u03ae \u03b1\u03c0\u03bf\u03c1\u03c1\u03ae\u03c4\u03bf\u03c5 &amp; \u03c3\u03c5\u03bc\u03bc\u03cc\u03c1\u03c6\u03c9\u03c3\u03b7 GDPR \u0393\u0395\u039d\u0399\u039a\u0391 \u0397 \u03c7\u03c1\u03ae\u03c3\u03b7 \u03c4\u03c9\u03bd \u03b7\u03bb\u03b5\u03ba\u03c4\u03c1\u03bf\u03bd\u03b9\u03ba\u03ce\u03bd \u03c3\u03b5\u03bb\u03af\u03b4\u03c9\u03bd \u03ba\u03b1\u03b9 \u03c5\u03c0\u03b7\u03c1\u03b5\u03c3\u03b9\u03ce\u03bd \u03c0\u03bf\u03cd \u03c0\u03b1\u03c1\u03ad\u03c7\u03bf\u03bd\u03c4\u03b1\u03b9 \u03c3\u03c4\u03bf\u03bd \u03b5\u03c0\u03b9\u03c3\u03ba\u03ad\u03c0\u03c4\u03b7\/\u03c7\u03c1\u03ae\u03c3\u03c4\u03b7, \u03b1\u03c0\u03cc \u03c4\u03bf\u03bd \u03b9\u03c3\u03c4\u03cc\u03c4\u03bf\u03c0\u03bf https:\/\/ro"},"footnotes":""},"class_list":["post-3","page","type-page","status-publish","hentry"],"_links":{"self":[{"href":"https:\/\/roeoliveoil.com\/de\/wp-json\/wp\/v2\/pages\/3","targetHints":{"allow":["GET"]}}],"collection":[{"href":"https:\/\/roeoliveoil.com\/de\/wp-json\/wp\/v2\/pages"}],"about":[{"href":"https:\/\/roeoliveoil.com\/de\/wp-json\/wp\/v2\/types\/page"}],"author":[{"embeddable":true,"href":"https:\/\/roeoliveoil.com\/de\/wp-json\/wp\/v2\/users\/1"}],"replies":[{"embeddable":true,"href":"https:\/\/roeoliveoil.com\/de\/wp-json\/wp\/v2\/comments?post=3"}],"version-history":[{"count":5,"href":"https:\/\/roeoliveoil.com\/de\/wp-json\/wp\/v2\/pages\/3\/revisions"}],"predecessor-version":[{"id":1107,"href":"https:\/\/roeoliveoil.com\/de\/wp-json\/wp\/v2\/pages\/3\/revisions\/1107"}],"wp:attachment":[{"href":"https:\/\/roeoliveoil.com\/de\/wp-json\/wp\/v2\/media?parent=3"}],"curies":[{"name":"wp","href":"https:\/\/api.w.org\/{rel}","templated":true}]}}